{"id":6619,"date":"2023-10-22T14:51:10","date_gmt":"2023-10-22T14:51:10","guid":{"rendered":"https:\/\/www.sarkasattar.cz\/?page_id=6619"},"modified":"2023-10-22T14:57:35","modified_gmt":"2023-10-22T14:57:35","slug":"ochrana-oznamovatelu","status":"publish","type":"page","link":"https:\/\/www.sarkasattar.cz\/?page_id=6619","title":{"rendered":"Ochrana oznamovatel\u016f"},"content":{"rendered":"\t\t<div data-elementor-type=\"wp-page\" data-elementor-id=\"6619\" class=\"elementor elementor-6619\" data-elementor-post-type=\"page\">\n\t\t\t\t\t\t<section class=\"elementor-section elementor-top-section elementor-element elementor-element-222e9040 elementor-section-full_width elementor-section-content-middle elementor-section-height-default elementor-section-height-default\" data-id=\"222e9040\" data-element_type=\"section\" data-settings=\"{&quot;background_background&quot;:&quot;classic&quot;}\">\n\t\t\t\t\t\t\t<div class=\"elementor-background-overlay\"><\/div>\n\t\t\t\t\t\t\t<div class=\"elementor-container elementor-column-gap-no\">\n\t\t\t\t\t<div class=\"elementor-column elementor-col-100 elementor-top-column elementor-element elementor-element-7bb86a6a\" data-id=\"7bb86a6a\" data-element_type=\"column\">\n\t\t\t<div class=\"elementor-widget-wrap elementor-element-populated\">\n\t\t\t\t\t\t<section class=\"elementor-section elementor-inner-section elementor-element elementor-element-457b1a21 elementor-section-content-middle elementor-section-boxed elementor-section-height-default elementor-section-height-default\" data-id=\"457b1a21\" data-element_type=\"section\">\n\t\t\t\t\t\t<div class=\"elementor-container elementor-column-gap-no\">\n\t\t\t\t\t<div class=\"elementor-column elementor-col-100 elementor-inner-column elementor-element elementor-element-64a1425d\" data-id=\"64a1425d\" data-element_type=\"column\">\n\t\t\t<div class=\"elementor-widget-wrap elementor-element-populated\">\n\t\t\t\t\t\t<div class=\"elementor-element elementor-element-114f9668 elementor-widget elementor-widget-heading\" data-id=\"114f9668\" data-element_type=\"widget\" data-widget_type=\"heading.default\">\n\t\t\t\t<div class=\"elementor-widget-container\">\n\t\t\t\t\t<h1 class=\"elementor-heading-title elementor-size-default\">Ochrana oznamovatel\u016f<\/h1>\t\t\t\t<\/div>\n\t\t\t\t<\/div>\n\t\t\t\t<div class=\"elementor-element elementor-element-3e9464ed elementor-widget elementor-widget-spacer\" data-id=\"3e9464ed\" data-element_type=\"widget\" data-widget_type=\"spacer.default\">\n\t\t\t\t<div class=\"elementor-widget-container\">\n\t\t\t\t\t\t\t<div class=\"elementor-spacer\">\n\t\t\t<div class=\"elementor-spacer-inner\"><\/div>\n\t\t<\/div>\n\t\t\t\t\t\t<\/div>\n\t\t\t\t<\/div>\n\t\t\t\t\t<\/div>\n\t\t<\/div>\n\t\t\t\t\t<\/div>\n\t\t<\/section>\n\t\t\t\t\t<\/div>\n\t\t<\/div>\n\t\t\t\t\t<\/div>\n\t\t<\/section>\n\t\t<div class=\"elementor-element elementor-element-b1225fc e-flex e-con-boxed e-con e-parent\" data-id=\"b1225fc\" data-element_type=\"container\">\n\t\t\t\t\t<div class=\"e-con-inner\">\n\t\t\t\t<div class=\"elementor-element elementor-element-e317d3a elementor-widget elementor-widget-text-editor\" data-id=\"e317d3a\" data-element_type=\"widget\" data-widget_type=\"text-editor.default\">\n\t\t\t\t<div class=\"elementor-widget-container\">\n\t\t\t\t\t\t\t\t\t<p><span style=\"font-weight: 400;\">Povinn\u011b zve\u0159ej\u0148ovan\u00e9 informace o p\u0159ij\u00edm\u00e1n\u00ed ozn\u00e1men\u00ed dle z\u00e1kona \u010d. 171\/2023 Sb., o ochran\u011b oznamovatel\u016f:<\/span><\/p><ul><li aria-level=\"1\"><b>Zp\u016fsoby pod\u00e1v\u00e1n\u00ed ozn\u00e1men\u00ed:<\/b><\/li><\/ul><p><span style=\"font-weight: 400;\">Ozn\u00e1men\u00ed dle z\u00e1kona o ochran\u011b oznamovatel\u016f lze podat n\u00ed\u017ee uveden\u00fdmi zp\u016fsoby. Ozn\u00e1men\u00ed lze u\u010dinit anonymn\u011b.<\/span><\/p><ul><li aria-level=\"1\"><b>Osobn\u011b na adrese m\u00e9ho s\u00eddla<\/b><\/li><\/ul><p><span style=\"font-weight: 400;\">Osobn\u011b lze ozn\u00e1men\u00ed podat na adrese p\u0159\u00edslu\u0161n\u00e9 osoby (viz n\u00ed\u017ee).<\/span><\/p><p><span style=\"font-weight: 400;\">Osobn\u011b lze ozn\u00e1men\u00ed podat po p\u0159edchoz\u00ed domluv\u011b s\u00a0tvz. p\u0159\u00edslu\u0161nou osobou, kter\u00e1 je pov\u011b\u0159ena \u0159e\u0161en\u00edm ozn\u00e1men\u00ed. P\u0159\u00edslu\u0161n\u00e1 osoba je povinna umo\u017enit osobn\u00ed pod\u00e1n\u00ed ozn\u00e1men\u00ed nejpozd\u011bji do 14 dn\u016f ode dne, kdy o osobn\u00ed pod\u00e1n\u00ed ozn\u00e1men\u00ed oznamovatel po\u017e\u00e1dal.<\/span><\/p><p><br \/><b><\/b><\/p><ul><li aria-level=\"1\"><b>P\u00edsemn\u011b v\u00a0listinn\u00e9 podob\u011b<\/b><\/li><\/ul><p><span style=\"font-weight: 400;\">Ozn\u00e1men\u00ed v\u00a0listinn\u00e9 podob\u011b se doru\u010duje k\u00a0ruk\u00e1m tzv. p\u0159\u00edslu\u0161n\u00e9 osoby (viz n\u00ed\u017ee), a to na adresu p\u0159\u00edslu\u0161n\u00e9 osoby (viz n\u00ed\u017ee).\u00a0<\/span><\/p><p><span style=\"font-weight: 400;\">Ozn\u00e1men\u00ed v\u00a0listinn\u00e9 podob\u011b mus\u00ed b\u00fdt doru\u010deno v\u00a0zape\u010det\u011bn\u00e9 ob\u00e1lce s\u00a0n\u00e1pisem <\/span><i><span style=\"font-weight: 400;\">\u201e<\/span><\/i><b><i>Ozn\u00e1men\u00ed podle z\u00e1kona o ochran\u011b oznamovatel\u016f \u2013 NEOTV\u00cdRAT\u201c<\/i><\/b><b> a bez uveden\u00ed ozna\u010den\u00ed Oznamovatele<\/b><span style=\"font-weight: 400;\"> (tj. nap\u0159. bez uveden\u00ed odes\u00edlatele).<\/span><\/p><p><span style=\"font-weight: 400;\">\u00a0<\/span><\/p><ul><li aria-level=\"1\"><b>P\u00edsemn\u011b na adresu elektronick\u00e9 po\u0161ty<\/b><\/li><\/ul><p><span style=\"font-weight: 400;\">Ozn\u00e1men\u00ed v\u00a0p\u00edsemn\u00e9 podob\u011b v\u00a0elektronick\u00e9 form\u011b se doru\u010duje na adresu elektronick\u00e9 po\u0161ty p\u0159\u00edslu\u0161n\u00e9 osoby (viz n\u00ed\u017ee).<\/span><\/p><p><br \/><b><\/b><\/p><ul><li aria-level=\"1\"><b>Telefonicky<\/b><\/li><\/ul><p><span style=\"font-weight: 400;\">Telefonick\u00e9 ozn\u00e1men\u00ed se pod\u00e1v\u00e1 na telefonn\u00edm \u010d\u00edsle p\u0159\u00edslu\u0161n\u00e9 osoby (viz n\u00ed\u017ee).<\/span><\/p><p>\u00a0<\/p><p><span style=\"font-weight: 400;\">Ozn\u00e1men\u00ed lze d\u00e1le podat t\u00e9\u017e Ministerstvu spravedlnosti, a to \u00fastn\u011b nebo p\u00edsemn\u011b. Po\u017e\u00e1d\u00e1-li o to oznamovatel, je pov\u011b\u0159en\u00fd zam\u011bstnanec Ministerstva spravedlnosti povinen ozn\u00e1men\u00ed p\u0159ijmout osobn\u011b v p\u0159im\u011b\u0159en\u00e9 lh\u016ft\u011b, nejd\u00e9le v\u0161ak do 14 dn\u016f ode dne, kdy o to oznamovatel po\u017e\u00e1dal. Bli\u017e\u0161\u00ed informace jsou dostupn\u00e9 na internetov\u00fdch str\u00e1nk\u00e1ch Ministerstva spravedlnosti <\/span><a href=\"https:\/\/oznamovatel.justice.cz\/chci-podat-oznameni\/\"><span style=\"font-weight: 400;\">https:\/\/oznamovatel.justice.cz\/chci-podat-oznameni\/<\/span><\/a><span style=\"font-weight: 400;\">.\u00a0<\/span><\/p><p><br \/><b><\/b><\/p><ul><li aria-level=\"1\"><b>Ozna\u010den\u00ed p\u0159\u00edslu\u0161n\u00e9 osoby<\/b><\/li><\/ul><p><b>\u0160\u00e1rka Sattar\u00a0<\/b><\/p><ul><li style=\"font-weight: 400;\" aria-level=\"1\"><span style=\"font-weight: 400;\">adresa:<\/span> <span style=\"font-weight: 400;\">Opletalova 1535\/4 Praha 1\u00a0110 00<\/span> <span style=\"font-weight: 400;\">\u00a0<\/span><\/li><li style=\"font-weight: 400;\" aria-level=\"1\"><span style=\"font-weight: 400;\">telefon:<\/span> <span style=\"font-weight: 400;\">420\u00a0608 54 64 54\u00a0<\/span><\/li><li style=\"font-weight: 400;\" aria-level=\"1\"><span style=\"font-weight: 400;\">email:<\/span> <span style=\"font-weight: 400;\">sarka@sattar.cz<\/span><\/li><\/ul><ul><li aria-level=\"1\"><b>Informace o osob\u00e1ch vylou\u010den\u00fdch k\u00a0pod\u00e1n\u00ed ozn\u00e1men\u00ed<\/b><\/li><\/ul><p><span style=\"font-weight: 400;\">Vylu\u010duji p\u0159ij\u00edm\u00e1n\u00ed ozn\u00e1men\u00ed od osob, kter\u00e9 pro mne nevykon\u00e1vaj\u00ed pr\u00e1ci nebo jinou obdobnou \u010dinnost podle \u00a7 2 odst. 3 p\u00edsm. a), b), h) nebo i) z\u00e1kona o ochran\u011b oznamovatel\u016f \u2013tj. od osob, kter\u00e9 pro mne nevykon\u00e1vaj\u00ed z\u00e1vislou pr\u00e1ci vykon\u00e1vanou v z\u00e1kladn\u00edm pracovn\u011bpr\u00e1vn\u00edm vztahu (pracovn\u00ed pom\u011br, dohoda o pracovn\u00ed \u010dinnosti \u010di dohoda o proveden\u00ed pr\u00e1ce); slu\u017ebu dle zvl\u00e1\u0161tn\u00edch pr\u00e1vn\u00edch p\u0159edpis\u016f, dobrovolnickou \u010dinnost, odbornou praxi nebo st\u00e1\u017e.<\/span><\/p><p>\u00a0<\/p>\t\t\t\t\t\t\t\t<\/div>\n\t\t\t\t<\/div>\n\t\t\t\t\t<\/div>\n\t\t\t\t<\/div>\n\t\t\t\t<\/div>\n\t\t","protected":false},"excerpt":{"rendered":"<p>Ochrana oznamovatel\u016f Povinn\u011b zve\u0159ej\u0148ovan\u00e9 informace o p\u0159ij\u00edm\u00e1n\u00ed ozn\u00e1men\u00ed dle z\u00e1kona \u010d. 171\/2023 Sb., o ochran\u011b oznamovatel\u016f: Zp\u016fsoby pod\u00e1v\u00e1n\u00ed ozn\u00e1men\u00ed: Ozn\u00e1men\u00ed dle z\u00e1kona o ochran\u011b oznamovatel\u016f lze podat n\u00ed\u017ee uveden\u00fdmi zp\u016fsoby. Ozn\u00e1men\u00ed lze u\u010dinit anonymn\u011b. Osobn\u011b na adrese m\u00e9ho s\u00eddla Osobn\u011b lze ozn\u00e1men\u00ed podat na adrese p\u0159\u00edslu\u0161n\u00e9 osoby (viz n\u00ed\u017ee). Osobn\u011b lze ozn\u00e1men\u00ed podat po p\u0159edchoz\u00ed [&hellip;]<\/p>\n","protected":false},"author":1,"featured_media":0,"parent":0,"menu_order":0,"comment_status":"closed","ping_status":"closed","template":"elementor_header_footer","meta":{"site-sidebar-layout":"no-sidebar","site-content-layout":"page-builder","ast-site-content-layout":"full-width-container","site-content-style":"default","site-sidebar-style":"default","ast-global-header-display":"","ast-banner-title-visibility":"","ast-main-header-display":"","ast-hfb-above-header-display":"","ast-hfb-below-header-display":"","ast-hfb-mobile-header-display":"","site-post-title":"disabled","ast-breadcrumbs-content":"","ast-featured-img":"disabled","footer-sml-layout":"","ast-disable-related-posts":"","theme-transparent-header-meta":"","adv-header-id-meta":"","stick-header-meta":"","header-above-stick-meta":"","header-main-stick-meta":"","header-below-stick-meta":"","astra-migrate-meta-layouts":"set","ast-page-background-enabled":"default","ast-page-background-meta":{"desktop":{"background-color":"","background-image":"","background-repeat":"repeat","background-position":"center center","background-size":"auto","background-attachment":"scroll","background-type":"","background-media":"","overlay-type":"","overlay-color":"","overlay-opacity":"","overlay-gradient":""},"tablet":{"background-color":"","background-image":"","background-repeat":"repeat","background-position":"center center","background-size":"auto","background-attachment":"scroll","background-type":"","background-media":"","overlay-type":"","overlay-color":"","overlay-opacity":"","overlay-gradient":""},"mobile":{"background-color":"","background-image":"","background-repeat":"repeat","background-position":"center center","background-size":"auto","background-attachment":"scroll","background-type":"","background-media":"","overlay-type":"","overlay-color":"","overlay-opacity":"","overlay-gradient":""}},"ast-content-background-meta":{"desktop":{"background-color":"var(--ast-global-color-5)","background-image":"","background-repeat":"repeat","background-position":"center center","background-size":"auto","background-attachment":"scroll","background-type":"","background-media":"","overlay-type":"","overlay-color":"","overlay-opacity":"","overlay-gradient":""},"tablet":{"background-color":"var(--ast-global-color-5)","background-image":"","background-repeat":"repeat","background-position":"center center","background-size":"auto","background-attachment":"scroll","background-type":"","background-media":"","overlay-type":"","overlay-color":"","overlay-opacity":"","overlay-gradient":""},"mobile":{"background-color":"var(--ast-global-color-5)","background-image":"","background-repeat":"repeat","background-position":"center center","background-size":"auto","background-attachment":"scroll","background-type":"","background-media":"","overlay-type":"","overlay-color":"","overlay-opacity":"","overlay-gradient":""}},"footnotes":""},"class_list":["post-6619","page","type-page","status-publish","hentry"],"_links":{"self":[{"href":"https:\/\/www.sarkasattar.cz\/index.php?rest_route=\/wp\/v2\/pages\/6619","targetHints":{"allow":["GET"]}}],"collection":[{"href":"https:\/\/www.sarkasattar.cz\/index.php?rest_route=\/wp\/v2\/pages"}],"about":[{"href":"https:\/\/www.sarkasattar.cz\/index.php?rest_route=\/wp\/v2\/types\/page"}],"author":[{"embeddable":true,"href":"https:\/\/www.sarkasattar.cz\/index.php?rest_route=\/wp\/v2\/users\/1"}],"replies":[{"embeddable":true,"href":"https:\/\/www.sarkasattar.cz\/index.php?rest_route=%2Fwp%2Fv2%2Fcomments&post=6619"}],"version-history":[{"count":0,"href":"https:\/\/www.sarkasattar.cz\/index.php?rest_route=\/wp\/v2\/pages\/6619\/revisions"}],"wp:attachment":[{"href":"https:\/\/www.sarkasattar.cz\/index.php?rest_route=%2Fwp%2Fv2%2Fmedia&parent=6619"}],"curies":[{"name":"wp","href":"https:\/\/api.w.org\/{rel}","templated":true}]}}